{"id":1140,"date":"2025-09-22T21:32:06","date_gmt":"2025-09-23T00:32:06","guid":{"rendered":"https:\/\/masterhouse.com.br\/?page_id=1140"},"modified":"2025-09-22T21:32:06","modified_gmt":"2025-09-23T00:32:06","slug":"politica-de-cookies","status":"publish","type":"page","link":"https:\/\/masterhouse.com.br\/es\/politica-de-cookies\/","title":{"rendered":"Pol\u00edtica de cookies"},"content":{"rendered":"<div data-elementor-type=\"wp-page\" data-elementor-id=\"1140\" class=\"elementor elementor-1140\" data-elementor-post-type=\"page\">\n\t\t\t\t<div class=\"elementor-element elementor-element-ff3ff02 e-flex e-con-boxed e-con e-parent\" data-id=\"ff3ff02\" data-element_type=\"container\" data-e-type=\"container\" data-settings=\"{&quot;background_background&quot;:&quot;classic&quot;}\">\n\t\t\t\t\t<div class=\"e-con-inner\">\n\t\t\t\t<div class=\"elementor-element elementor-element-0c9dd1a elementor-widget elementor-widget-text-editor\" data-id=\"0c9dd1a\" data-element_type=\"widget\" data-e-type=\"widget\" data-widget_type=\"text-editor.default\">\n\t\t\t\t<div class=\"elementor-widget-container\">\n\t\t\t\t\t\t\t\t\t<h2>1. condiciones<\/h2><p>Al acceder al sitio\u00a0<a href=\"https:\/\/masterhouse.com.br\/es\/\">Casa principal<\/a>, Si acepta quedar vinculado por estas condiciones de servicio, se compromete a cumplir todas las leyes y reglamentos aplicables, y acepta que es responsable del cumplimiento de cualquier ley local aplicable. Si no est\u00e1 de acuerdo con alguna de estas condiciones, se le proh\u00edbe utilizar o acceder a este sitio. Los materiales de este sitio est\u00e1n protegidos por la legislaci\u00f3n aplicable en materia de derechos de autor y marcas registradas.<\/p><h2>2. Uso de la licencia<\/h2><p>Se concede permiso para descargar temporalmente una copia de los materiales (informaci\u00f3n o software) del sitio web de Master House \u00fanicamente para su visualizaci\u00f3n personal, no comercial y transitoria. Se trata de la concesi\u00f3n de una licencia, no de una transferencia de titularidad, y en virtud de esta licencia no podr\u00e1:\u00a0<\/p><ol><li>modificar o copiar los materiales;\u00a0<\/li><li>utilizar los materiales para cualquier fin comercial o para su exhibici\u00f3n p\u00fablica (comercial o no comercial);\u00a0<\/li><li>intentar descompilar o aplicar ingenier\u00eda inversa a cualquier software contenido en el sitio web de Master House;\u00a0<\/li><li>eliminar de los materiales cualquier menci\u00f3n relativa a derechos de autor u otros derechos de propiedad; o\u00a0<\/li><li>transferir los materiales a otra persona o \u2018reflejar\u2019 los materiales en cualquier otro servidor.<\/li><\/ol><p>Esta licencia terminar\u00e1 autom\u00e1ticamente si usted viola cualquiera de estas restricciones y puede ser terminada por Master House en cualquier momento. Cuando deje de ver estos materiales o cuando finalice esta licencia, deber\u00e1 eliminar todos los materiales descargados que est\u00e9n en su posesi\u00f3n, ya sea en formato electr\u00f3nico o impreso.<\/p><h2>3. Descargo de responsabilidad<\/h2><ol><li>Los materiales contenidos en el sitio web de Master House se proporcionan \u2018tal cual\u2019. Master House no ofrece ninguna garant\u00eda, expresa o impl\u00edcita, y por la presente renuncia y niega cualquier otra garant\u00eda, incluyendo, sin limitaci\u00f3n, las garant\u00edas o condiciones impl\u00edcitas de comerciabilidad, idoneidad para un prop\u00f3sito particular, o no infracci\u00f3n de la propiedad intelectual o cualquier otra violaci\u00f3n de los derechos.<\/li><li>Adem\u00e1s, Master House no garantiza ni hace ninguna declaraci\u00f3n sobre la exactitud, los resultados probables o la fiabilidad del uso de los materiales en su sitio web de Internet o de otro tipo relativa a dichos materiales o en cualquier sitio vinculado a este sitio.<\/li><\/ol><h2>4. Limitaciones<\/h2><p>En ning\u00fan caso Master House o sus proveedores ser\u00e1n responsables de cualesquiera da\u00f1os (incluidos, sin limitaci\u00f3n, los da\u00f1os por p\u00e9rdida de datos o beneficios, o debidos a la interrupci\u00f3n de la actividad empresarial) derivados del uso o de la imposibilidad de uso de los materiales de Master House, aun cuando Master House o un representante autorizado de Master House hayan sido informados oralmente o por escrito de la posibilidad de tales da\u00f1os. Dado que algunas jurisdicciones no permiten limitaciones en las garant\u00edas impl\u00edcitas, o limitaciones de responsabilidad por da\u00f1os consecuenciales o incidentales, estas limitaciones pueden no aplicarse en su caso.<\/p><h2>5. Exactitud de los materiales<\/h2><p>Los materiales que aparecen en el sitio web de Master House podr\u00edan incluir errores t\u00e9cnicos, tipogr\u00e1ficos o fotogr\u00e1ficos. Master House no garantiza que ninguno de los materiales incluidos en su sitio web sean precisos, completos o actuales. Master House puede hacer cambios a los materiales contenidos en su sitio web en cualquier momento sin previo aviso. Sin embargo, Master House no se compromete a actualizar los materiales.<\/p><h2>6. Enlaces<\/h2><p>Master House no ha analizado todos los sitios vinculados a su sitio web y no es responsable de los contenidos de ninguno de dichos sitios vinculados. La inclusi\u00f3n de cualquier enlace no implica la aprobaci\u00f3n del sitio por parte de Master House. El uso de cualquier sitio enlazado es por cuenta y riesgo del usuario.<\/p><h3>Modificaciones<\/h3><p>Master House podr\u00e1 revisar estas condiciones de servicio en cualquier momento y sin previo aviso. Al utilizar este sitio, usted acepta quedar vinculado por la versi\u00f3n actual de estas condiciones de servicio.<\/p><h3>Legislaci\u00f3n aplicable<\/h3><p>Estos t\u00e9rminos y condiciones se rigen e interpretan de acuerdo con las leyes de Master House y usted se somete irrevocablemente a la jurisdicci\u00f3n exclusiva de los tribunales de ese estado o localidad.<\/p>\t\t\t\t\t\t\t\t<\/div>\n\t\t\t\t<\/div>\n\t\t\t\t\t<\/div>\n\t\t\t\t<\/div>\n\t\t\t\t<\/div>","protected":false},"excerpt":{"rendered":"<p>Consultor\u00eda, auditor\u00eda, tutor\u00eda y formaci\u00f3n<\/p>","protected":false},"author":1,"featured_media":742,"parent":0,"menu_order":0,"comment_status":"closed","ping_status":"closed","template":"","meta":{"_acf_changed":false,"slim_seo":{"title":"Pol\u00edtica de Cookies - MasterHouse","description":"Consultor\u00eda, auditor\u00eda, tutor\u00eda y formaci\u00f3n"},"footnotes":""},"curso":[],"class_list":["post-1140","page","type-page","status-publish","has-post-thumbnail","hentry"],"acf":[],"_links":{"self":[{"href":"https:\/\/masterhouse.com.br\/es\/wp-json\/wp\/v2\/pages\/1140","targetHints":{"allow":["GET"]}}],"collection":[{"href":"https:\/\/masterhouse.com.br\/es\/wp-json\/wp\/v2\/pages"}],"about":[{"href":"https:\/\/masterhouse.com.br\/es\/wp-json\/wp\/v2\/types\/page"}],"author":[{"embeddable":true,"href":"https:\/\/masterhouse.com.br\/es\/wp-json\/wp\/v2\/users\/1"}],"replies":[{"embeddable":true,"href":"https:\/\/masterhouse.com.br\/es\/wp-json\/wp\/v2\/comments?post=1140"}],"version-history":[{"count":1,"href":"https:\/\/masterhouse.com.br\/es\/wp-json\/wp\/v2\/pages\/1140\/revisions"}],"predecessor-version":[{"id":1141,"href":"https:\/\/masterhouse.com.br\/es\/wp-json\/wp\/v2\/pages\/1140\/revisions\/1141"}],"wp:featuredmedia":[{"embeddable":true,"href":"https:\/\/masterhouse.com.br\/es\/wp-json\/wp\/v2\/media\/742"}],"wp:attachment":[{"href":"https:\/\/masterhouse.com.br\/es\/wp-json\/wp\/v2\/media?parent=1140"}],"wp:term":[{"taxonomy":"curso","embeddable":true,"href":"https:\/\/masterhouse.com.br\/es\/wp-json\/wp\/v2\/curso?post=1140"}],"curies":[{"name":"wp","href":"https:\/\/api.w.org\/{rel}","templated":true}]}}