{"id":1320,"date":"2025-09-30T19:32:15","date_gmt":"2025-09-30T22:32:15","guid":{"rendered":"https:\/\/masterhouse.com.br\/?page_id=1320"},"modified":"2026-02-17T14:02:52","modified_gmt":"2026-02-17T17:02:52","slug":"agronegocio-e-alimentos","status":"publish","type":"page","link":"https:\/\/masterhouse.com.br\/es\/agronegocio-e-alimentos\/","title":{"rendered":"Agroindustria y alimentaci\u00f3n"},"content":{"rendered":"<div data-elementor-type=\"wp-page\" data-elementor-id=\"1320\" class=\"elementor elementor-1320\" data-elementor-post-type=\"page\">\n\t\t\t\t<div class=\"elementor-element elementor-element-ec4ea15 e-flex e-con-boxed e-con e-parent\" data-id=\"ec4ea15\" data-element_type=\"container\" data-e-type=\"container\" data-settings=\"{&quot;background_background&quot;:&quot;classic&quot;}\">\n\t\t\t\t\t<div class=\"e-con-inner\">\n\t\t\t\t<div class=\"elementor-element elementor-element-f0e60ac elementor-widget elementor-widget-text-editor\" data-id=\"f0e60ac\" data-element_type=\"widget\" data-e-type=\"widget\" data-widget_type=\"text-editor.default\">\n\t\t\t\t<div class=\"elementor-widget-container\">\n\t\t\t\t\t\t\t\t\t<p>La agroindustria se encuentra en un punto de inflexi\u00f3n. Las presiones normativas, los requisitos ESG, la volatilidad clim\u00e1tica, la seguridad alimentaria y la competitividad global exigen algo m\u00e1s que tecnolog\u00eda: exigen <strong>modelo de gesti\u00f3n estructurado, gobernanza s\u00f3lida y decisiones basadas en datos<\/strong>.<\/p><p>Masterhouse ayuda a las organizaciones de los sectores agroindustrial y alimentario a transformar operaciones complejas en <strong>ecosistemas inteligentes, trazables, eficientes y resistentes<\/strong>, integrando estrategia, datos, procesos y tecnolog\u00eda en una arquitectura corporativa orientada a resultados mensurables.<\/p><p><strong>Inteligencia, gobernanza y tecnolog\u00eda para aumentar la productividad con sostenibilidad<\/strong><\/p><p>No nos limitamos a ofrecer soluciones tecnol\u00f3gicas. Estructuramos <strong>modelos de gesti\u00f3n que apoyen el crecimiento, mitiguen los riesgos y aumenten la madurez organizativa.<\/strong><\/p><p><strong>D\u00f3nde operamos<\/strong><\/p><ol><li><strong> Datos, an\u00e1lisis e inteligencia artificial aplicada<\/strong><\/li><\/ol><p>Convertimos los datos operativos en ventajas competitivas.<\/p><ul><li>Arquitectura y gobernanza de datos para operaciones agroindustriales<\/li><li>Modelos predictivos para:<ul><li>Cosecha y productividad<\/li><li>Fluctuaciones del mercado y materias primas<\/li><li>Gesti\u00f3n de existencias y log\u00edstica<\/li><\/ul><\/li><li>Optimizaci\u00f3n inteligente de los insumos (agua, fertilizantes, piensos, energ\u00eda)<\/li><li>IA para analizar la calidad y seguridad de los alimentos<\/li><li>Cuadros de mando ejecutivos para la toma de decisiones en tiempo real<\/li><\/ul><ol start=\"2\"><li><strong> Automatizaci\u00f3n y eficiencia operativa<\/strong><\/li><\/ol><ul><li>Cartograf\u00eda y redise\u00f1o de los procesos agr\u00edcolas e industriales<\/li><li>Automatizaci\u00f3n de rutinas administrativas y operativas<\/li><li>Integraci\u00f3n de sistemas (ERP, sensores, BI, plataformas agr\u00edcolas)<\/li><li>Digitalizaci\u00f3n de las operaciones sobre el terreno<\/li><li>Robotizaci\u00f3n de tareas repetitivas<\/li><\/ul><ol start=\"3\"><li><strong> Estrategia y gobernanza para la agricultura<\/strong><\/li><\/ol><ul><li>Estructuraci\u00f3n de la planificaci\u00f3n estrat\u00e9gica digital<\/li><li>Implantaci\u00f3n de modelos de gobernanza empresarial y gobernanza inform\u00e1tica<\/li><li>Gesti\u00f3n de riesgos operativos y reglamentarios<\/li><li>Adaptaci\u00f3n a las normas LGPD, ISO, ESG y de conformidad sectorial<\/li><li>Estructuraci\u00f3n de PMO para grandes proyectos agr\u00edcolas e industriales<\/li><\/ul><ol start=\"4\"><li><strong> Seguridad, conformidad y trazabilidad<\/strong><\/li><\/ol><p>El mercado exige total transparencia desde el origen hasta el consumidor.<\/p><ul><li>Estructuraci\u00f3n de sistemas de trazabilidad de extremo a extremo<\/li><li>Cumplimiento de la LGPD y de las normas internacionales<\/li><li>Gesti\u00f3n integrada de GRC (Gobernanza, Riesgos y Cumplimiento)<\/li><li>Controles internos y auditor\u00eda basada en datos<\/li><li>Seguridad de la informaci\u00f3n en entornos industriales y de IoT<\/li><\/ul><h3><em>\u00a0<\/em><em><b>\u201cEl resultado es una transformaci\u00f3n sostenible, medible y escalable\u201d.<\/b><\/em><\/h3><p><strong>Ventajas concretas para su empresa<\/strong><\/p><p><img decoding=\"async\" class=\"emoji\" role=\"img\" draggable=\"false\" src=\"https:\/\/s.w.org\/images\/core\/emoji\/17.0.2\/svg\/2714.svg\" alt=\"\u2714\" \/> Aumento de la productividad sobre una base anal\u00edtica<br \/><img decoding=\"async\" class=\"emoji\" role=\"img\" draggable=\"false\" src=\"https:\/\/s.w.org\/images\/core\/emoji\/17.0.2\/svg\/2714.svg\" alt=\"\u2714\" \/> Reducci\u00f3n de p\u00e9rdidas y residuos<br \/><img decoding=\"async\" class=\"emoji\" role=\"img\" draggable=\"false\" src=\"https:\/\/s.w.org\/images\/core\/emoji\/17.0.2\/svg\/2714.svg\" alt=\"\u2714\" \/> Mejora del margen de explotaci\u00f3n<br \/><img decoding=\"async\" class=\"emoji\" role=\"img\" draggable=\"false\" src=\"https:\/\/s.w.org\/images\/core\/emoji\/17.0.2\/svg\/2714.svg\" alt=\"\u2714\" \/> Cumplimiento estructurado de la normativa<br \/><img decoding=\"async\" class=\"emoji\" role=\"img\" draggable=\"false\" src=\"https:\/\/s.w.org\/images\/core\/emoji\/17.0.2\/svg\/2714.svg\" alt=\"\u2714\" \/> Reducci\u00f3n de los riesgos estrat\u00e9gicos y operativos<br \/><img decoding=\"async\" class=\"emoji\" role=\"img\" draggable=\"false\" src=\"https:\/\/s.w.org\/images\/core\/emoji\/17.0.2\/svg\/2714.svg\" alt=\"\u2714\" \/> Toma de decisiones ejecutivas basadas en pruebas<br \/><img decoding=\"async\" class=\"emoji\" role=\"img\" draggable=\"false\" src=\"https:\/\/s.w.org\/images\/core\/emoji\/17.0.2\/svg\/2714.svg\" alt=\"\u2714\" \/> Evoluci\u00f3n real de la madurez organizativa<\/p><p><strong>La nueva frontera de la agricultura es inteligente<\/strong><\/p><p>Las empresas que estructuran la gobernanza, los datos y la automatizaci\u00f3n de forma integrada no s\u00f3lo producen m\u00e1s, sino que tambi\u00e9n lo hacen. <strong>operar con previsibilidad, resistencia y una ventaja competitiva real.<\/strong><\/p><p>Si su reto es crecer de forma eficiente, cumplir requisitos globales y convertir la complejidad en rendimiento, estamos preparados para ayudarle.<\/p><p><strong>\u00bfHablamos?<\/strong><\/p><p>Reserve un diagn\u00f3stico gratuito y descubra d\u00f3nde est\u00e1n las mayores oportunidades de beneficio en su empresa.<\/p>\t\t\t\t\t\t\t\t<\/div>\n\t\t\t\t<\/div>\n\t\t\t\t\t<\/div>\n\t\t\t\t<\/div>\n\t\t\t\t<\/div>","protected":false},"excerpt":{"rendered":"<p>Consultor\u00eda, auditor\u00eda, tutor\u00eda y formaci\u00f3n<\/p>","protected":false},"author":1,"featured_media":568,"parent":0,"menu_order":0,"comment_status":"closed","ping_status":"closed","template":"","meta":{"_acf_changed":false,"slim_seo":{"title":"Agroneg\u00f3cio e alimentos - MasterHouse","description":"Consultor\u00eda, auditor\u00eda, tutor\u00eda y formaci\u00f3n"},"footnotes":""},"curso":[],"class_list":["post-1320","page","type-page","status-publish","has-post-thumbnail","hentry"],"acf":[],"_links":{"self":[{"href":"https:\/\/masterhouse.com.br\/es\/wp-json\/wp\/v2\/pages\/1320","targetHints":{"allow":["GET"]}}],"collection":[{"href":"https:\/\/masterhouse.com.br\/es\/wp-json\/wp\/v2\/pages"}],"about":[{"href":"https:\/\/masterhouse.com.br\/es\/wp-json\/wp\/v2\/types\/page"}],"author":[{"embeddable":true,"href":"https:\/\/masterhouse.com.br\/es\/wp-json\/wp\/v2\/users\/1"}],"replies":[{"embeddable":true,"href":"https:\/\/masterhouse.com.br\/es\/wp-json\/wp\/v2\/comments?post=1320"}],"version-history":[{"count":4,"href":"https:\/\/masterhouse.com.br\/es\/wp-json\/wp\/v2\/pages\/1320\/revisions"}],"predecessor-version":[{"id":2116,"href":"https:\/\/masterhouse.com.br\/es\/wp-json\/wp\/v2\/pages\/1320\/revisions\/2116"}],"wp:featuredmedia":[{"embeddable":true,"href":"https:\/\/masterhouse.com.br\/es\/wp-json\/wp\/v2\/media\/568"}],"wp:attachment":[{"href":"https:\/\/masterhouse.com.br\/es\/wp-json\/wp\/v2\/media?parent=1320"}],"wp:term":[{"taxonomy":"curso","embeddable":true,"href":"https:\/\/masterhouse.com.br\/es\/wp-json\/wp\/v2\/curso?post=1320"}],"curies":[{"name":"wp","href":"https:\/\/api.w.org\/{rel}","templated":true}]}}